{"id":2748,"date":"2018-01-03T08:48:42","date_gmt":"2018-01-03T08:48:42","guid":{"rendered":"https:\/\/www.competo.si\/o-nas\/mi-smo-competo\/"},"modified":"2024-11-05T06:57:29","modified_gmt":"2024-11-05T06:57:29","slug":"mi-smo-competo","status":"publish","type":"page","link":"https:\/\/www.competo.si\/en\/about-us\/mi-smo-competo\/","title":{"rendered":"We are Competo"},"content":{"rendered":"","protected":false},"excerpt":{"rendered":"","protected":false},"author":7,"featured_media":0,"parent":2741,"menu_order":0,"comment_status":"closed","ping_status":"closed","template":"page-templates\/template-mismocompeto.php","meta":{"_acf_changed":false,"footnotes":""},"class_list":["post-2748","page","type-page","status-publish","hentry"],"acf":[],"yoast_head":"<!-- This site is optimized with the Yoast SEO plugin v27.3 - https:\/\/yoast.com\/product\/yoast-seo-wordpress\/ -->\n<title>Mi smo Competo.si<\/title>\n<meta name=\"description\" content=\"Zaposleni v Competu imamo bogate izku\u0161nje na podro\u010dju iskanja in selekcije kadrov, HR svetovanja in razvoja inovativnih kadrovskih re\u0161itev. Delo opravljamo predano in pri tem si nenehno postavljamo visoke cilje. Ve\u010d informacij o \u010dlanih na\u0161e ekipe, si lahko preberete na povezavi.\" class=\"yoast-seo-meta-tag\" \/>\n<meta name=\"robots\" content=\"index, follow, max-snippet:-1, max-image-preview:large, max-video-preview:-1\" \/>\n<link rel=\"canonical\" href=\"https:\/\/www.competo.si\/en\/about-us\/mi-smo-competo\/\" class=\"yoast-seo-meta-tag\" \/>\n<meta property=\"og:locale\" content=\"en_US\" class=\"yoast-seo-meta-tag\" \/>\n<meta property=\"og:type\" content=\"article\" class=\"yoast-seo-meta-tag\" \/>\n<meta property=\"og:title\" content=\"Mi smo Competo.si\" class=\"yoast-seo-meta-tag\" \/>\n<meta property=\"og:description\" content=\"Zaposleni v Competu imamo bogate izku\u0161nje na podro\u010dju iskanja in selekcije kadrov, HR svetovanja in razvoja inovativnih kadrovskih re\u0161itev. Delo opravljamo predano in pri tem si nenehno postavljamo visoke cilje. Ve\u010d informacij o \u010dlanih na\u0161e ekipe, si lahko preberete na povezavi.\" class=\"yoast-seo-meta-tag\" \/>\n<meta property=\"og:url\" content=\"https:\/\/www.competo.si\/en\/about-us\/mi-smo-competo\/\" class=\"yoast-seo-meta-tag\" \/>\n<meta property=\"og:site_name\" content=\"Competo\" class=\"yoast-seo-meta-tag\" \/>\n<meta property=\"article:modified_time\" content=\"2024-11-05T06:57:29+00:00\" class=\"yoast-seo-meta-tag\" \/>\n<meta name=\"twitter:card\" content=\"summary_large_image\" class=\"yoast-seo-meta-tag\" \/>\n<script type=\"application\/ld+json\" class=\"yoast-schema-graph\">{\"@context\":\"https:\\\/\\\/schema.org\",\"@graph\":[{\"@type\":\"WebPage\",\"@id\":\"https:\\\/\\\/www.competo.si\\\/en\\\/about-us\\\/mi-smo-competo\\\/\",\"url\":\"https:\\\/\\\/www.competo.si\\\/en\\\/about-us\\\/mi-smo-competo\\\/\",\"name\":\"Mi smo Competo.si\",\"isPartOf\":{\"@id\":\"https:\\\/\\\/www.competo.si\\\/#website\"},\"datePublished\":\"2018-01-03T08:48:42+00:00\",\"dateModified\":\"2024-11-05T06:57:29+00:00\",\"description\":\"Zaposleni v Competu imamo bogate izku\u0161nje na podro\u010dju iskanja in selekcije kadrov, HR svetovanja in razvoja inovativnih kadrovskih re\u0161itev. Delo opravljamo predano in pri tem si nenehno postavljamo visoke cilje. Ve\u010d informacij o \u010dlanih na\u0161e ekipe, si lahko preberete na povezavi.\",\"breadcrumb\":{\"@id\":\"https:\\\/\\\/www.competo.si\\\/en\\\/about-us\\\/mi-smo-competo\\\/#breadcrumb\"},\"inLanguage\":\"en-US\",\"potentialAction\":[{\"@type\":\"ReadAction\",\"target\":[\"https:\\\/\\\/www.competo.si\\\/en\\\/about-us\\\/mi-smo-competo\\\/\"]}]},{\"@type\":\"BreadcrumbList\",\"@id\":\"https:\\\/\\\/www.competo.si\\\/en\\\/about-us\\\/mi-smo-competo\\\/#breadcrumb\",\"itemListElement\":[{\"@type\":\"ListItem\",\"position\":1,\"name\":\"Home\",\"item\":\"https:\\\/\\\/www.competo.si\\\/en\\\/vhodna-stran\\\/\"},{\"@type\":\"ListItem\",\"position\":2,\"name\":\"About us\",\"item\":\"https:\\\/\\\/www.competo.si\\\/en\\\/about-us\\\/\"},{\"@type\":\"ListItem\",\"position\":3,\"name\":\"We are Competo\"}]},{\"@type\":\"WebSite\",\"@id\":\"https:\\\/\\\/www.competo.si\\\/#website\",\"url\":\"https:\\\/\\\/www.competo.si\\\/\",\"name\":\"Competo\",\"description\":\"Ko strast postane delo\",\"publisher\":{\"@id\":\"https:\\\/\\\/www.competo.si\\\/#organization\"},\"potentialAction\":[{\"@type\":\"SearchAction\",\"target\":{\"@type\":\"EntryPoint\",\"urlTemplate\":\"https:\\\/\\\/www.competo.si\\\/?s={search_term_string}\"},\"query-input\":{\"@type\":\"PropertyValueSpecification\",\"valueRequired\":true,\"valueName\":\"search_term_string\"}}],\"inLanguage\":\"en-US\"},{\"@type\":\"Organization\",\"@id\":\"https:\\\/\\\/www.competo.si\\\/#organization\",\"name\":\"Competo, kadrovske storitve, d.o.o.\",\"url\":\"https:\\\/\\\/www.competo.si\\\/\",\"logo\":{\"@type\":\"ImageObject\",\"inLanguage\":\"en-US\",\"@id\":\"https:\\\/\\\/www.competo.si\\\/#\\\/schema\\\/logo\\\/image\\\/\",\"url\":\"https:\\\/\\\/www.competo.si\\\/wp-content\\\/uploads\\\/2025\\\/02\\\/cropped-cometo_logo_2024_Pozitiv2.png\",\"contentUrl\":\"https:\\\/\\\/www.competo.si\\\/wp-content\\\/uploads\\\/2025\\\/02\\\/cropped-cometo_logo_2024_Pozitiv2.png\",\"width\":512,\"height\":512,\"caption\":\"Competo, kadrovske storitve, d.o.o.\"},\"image\":{\"@id\":\"https:\\\/\\\/www.competo.si\\\/#\\\/schema\\\/logo\\\/image\\\/\"}}]}<\/script>\n<!-- \/ Yoast SEO plugin. -->","yoast_head_json":{"title":"Mi smo Competo.si","description":"Zaposleni v Competu imamo bogate izku\u0161nje na podro\u010dju iskanja in selekcije kadrov, HR svetovanja in razvoja inovativnih kadrovskih re\u0161itev. Delo opravljamo predano in pri tem si nenehno postavljamo visoke cilje. Ve\u010d informacij o \u010dlanih na\u0161e ekipe, si lahko preberete na povezavi.","robots":{"index":"index","follow":"follow","max-snippet":"max-snippet:-1","max-image-preview":"max-image-preview:large","max-video-preview":"max-video-preview:-1"},"canonical":"https:\/\/www.competo.si\/en\/about-us\/mi-smo-competo\/","og_locale":"en_US","og_type":"article","og_title":"Mi smo Competo.si","og_description":"Zaposleni v Competu imamo bogate izku\u0161nje na podro\u010dju iskanja in selekcije kadrov, HR svetovanja in razvoja inovativnih kadrovskih re\u0161itev. Delo opravljamo predano in pri tem si nenehno postavljamo visoke cilje. Ve\u010d informacij o \u010dlanih na\u0161e ekipe, si lahko preberete na povezavi.","og_url":"https:\/\/www.competo.si\/en\/about-us\/mi-smo-competo\/","og_site_name":"Competo","article_modified_time":"2024-11-05T06:57:29+00:00","twitter_card":"summary_large_image","schema":{"@context":"https:\/\/schema.org","@graph":[{"@type":"WebPage","@id":"https:\/\/www.competo.si\/en\/about-us\/mi-smo-competo\/","url":"https:\/\/www.competo.si\/en\/about-us\/mi-smo-competo\/","name":"Mi smo Competo.si","isPartOf":{"@id":"https:\/\/www.competo.si\/#website"},"datePublished":"2018-01-03T08:48:42+00:00","dateModified":"2024-11-05T06:57:29+00:00","description":"Zaposleni v Competu imamo bogate izku\u0161nje na podro\u010dju iskanja in selekcije kadrov, HR svetovanja in razvoja inovativnih kadrovskih re\u0161itev. Delo opravljamo predano in pri tem si nenehno postavljamo visoke cilje. Ve\u010d informacij o \u010dlanih na\u0161e ekipe, si lahko preberete na povezavi.","breadcrumb":{"@id":"https:\/\/www.competo.si\/en\/about-us\/mi-smo-competo\/#breadcrumb"},"inLanguage":"en-US","potentialAction":[{"@type":"ReadAction","target":["https:\/\/www.competo.si\/en\/about-us\/mi-smo-competo\/"]}]},{"@type":"BreadcrumbList","@id":"https:\/\/www.competo.si\/en\/about-us\/mi-smo-competo\/#breadcrumb","itemListElement":[{"@type":"ListItem","position":1,"name":"Home","item":"https:\/\/www.competo.si\/en\/vhodna-stran\/"},{"@type":"ListItem","position":2,"name":"About us","item":"https:\/\/www.competo.si\/en\/about-us\/"},{"@type":"ListItem","position":3,"name":"We are Competo"}]},{"@type":"WebSite","@id":"https:\/\/www.competo.si\/#website","url":"https:\/\/www.competo.si\/","name":"Competo","description":"Ko strast postane delo","publisher":{"@id":"https:\/\/www.competo.si\/#organization"},"potentialAction":[{"@type":"SearchAction","target":{"@type":"EntryPoint","urlTemplate":"https:\/\/www.competo.si\/?s={search_term_string}"},"query-input":{"@type":"PropertyValueSpecification","valueRequired":true,"valueName":"search_term_string"}}],"inLanguage":"en-US"},{"@type":"Organization","@id":"https:\/\/www.competo.si\/#organization","name":"Competo, kadrovske storitve, d.o.o.","url":"https:\/\/www.competo.si\/","logo":{"@type":"ImageObject","inLanguage":"en-US","@id":"https:\/\/www.competo.si\/#\/schema\/logo\/image\/","url":"https:\/\/www.competo.si\/wp-content\/uploads\/2025\/02\/cropped-cometo_logo_2024_Pozitiv2.png","contentUrl":"https:\/\/www.competo.si\/wp-content\/uploads\/2025\/02\/cropped-cometo_logo_2024_Pozitiv2.png","width":512,"height":512,"caption":"Competo, kadrovske storitve, d.o.o."},"image":{"@id":"https:\/\/www.competo.si\/#\/schema\/logo\/image\/"}}]}},"_links":{"self":[{"href":"https:\/\/www.competo.si\/en\/wp-json\/wp\/v2\/pages\/2748","targetHints":{"allow":["GET"]}}],"collection":[{"href":"https:\/\/www.competo.si\/en\/wp-json\/wp\/v2\/pages"}],"about":[{"href":"https:\/\/www.competo.si\/en\/wp-json\/wp\/v2\/types\/page"}],"author":[{"embeddable":true,"href":"https:\/\/www.competo.si\/en\/wp-json\/wp\/v2\/users\/7"}],"replies":[{"embeddable":true,"href":"https:\/\/www.competo.si\/en\/wp-json\/wp\/v2\/comments?post=2748"}],"version-history":[{"count":4,"href":"https:\/\/www.competo.si\/en\/wp-json\/wp\/v2\/pages\/2748\/revisions"}],"predecessor-version":[{"id":328104,"href":"https:\/\/www.competo.si\/en\/wp-json\/wp\/v2\/pages\/2748\/revisions\/328104"}],"up":[{"embeddable":true,"href":"https:\/\/www.competo.si\/en\/wp-json\/wp\/v2\/pages\/2741"}],"wp:attachment":[{"href":"https:\/\/www.competo.si\/en\/wp-json\/wp\/v2\/media?parent=2748"}],"curies":[{"name":"wp","href":"https:\/\/api.w.org\/{rel}","templated":true}]}}